{"id":2782,"date":"2022-09-18T17:15:22","date_gmt":"2022-09-18T15:15:22","guid":{"rendered":"https:\/\/www.tacktil.com\/politica-de-cookies\/"},"modified":"2022-09-18T17:15:22","modified_gmt":"2022-09-18T15:15:22","slug":"politica-de-cookies","status":"publish","type":"page","link":"https:\/\/www.tacktil.com\/fr\/politica-de-cookies\/","title":{"rendered":"Pol\u00edtica de cookies"},"content":{"rendered":"<h2><b>Informaci\u00f3n general<\/b><\/h2>\n<p><span style=\"font-weight: 400;\">Debido a la entrada en vigor de la referente modificaci\u00f3n de la \u201cLey de Servicios de la Sociedad de la Informaci\u00f3n\u201d (LSSICE) establecida por el Real Decreto 13\/2012, es de obligaci\u00f3n obtener el consentimiento expreso del usuario de todas las p\u00e1ginas web que usan cookies prescindibles, antes de que \u00e9ste navegue por ellas.<\/span><\/p>\n<h2><b>\u00bfQu\u00e9 son las cookies?<\/b><\/h2>\n<p><span style=\"font-weight: 400;\">Las cookies y otras tecnolog\u00edas similares tales como <\/span><i><span style=\"font-weight: 400;\">local shared objects<\/span><\/i><span style=\"font-weight: 400;\">, <\/span><i><span style=\"font-weight: 400;\">flash cookies<\/span><\/i><span style=\"font-weight: 400;\"> o p\u00edxeles, son herramientas empleadas por los servidores Web para almacenar y recuperar informaci\u00f3n acerca de sus visitantes, as\u00ed como para ofrecer un correcto funcionamiento del sitio.<\/span><\/p>\n<p><span style=\"font-weight: 400;\">Mediante el uso de estos dispositivos se permite al servidor Web recordar algunos datos concernientes al usuario, como sus preferencias para la visualizaci\u00f3n de las p\u00e1ginas de ese servidor, nombre y contrase\u00f1a, productos que m\u00e1s le interesan, etc.<\/span><\/p>\n<h2><b>Cookies afectadas por la normativa y cookies exceptuadas<\/b><\/h2>\n<p><span style=\"font-weight: 400;\">Seg\u00fan la directiva de la UE, las cookies que requieren el consentimiento informado por parte del usuario son las cookies de anal\u00edtica y las de publicidad y afiliaci\u00f3n, quedando exceptuadas las de car\u00e1cter t\u00e9cnico y las necesarias para el funcionamiento del sitio web o la prestaci\u00f3n de servicios expresamente solicitados por el usuario.<\/span><\/p>\n<h2><b>\u00bfQu\u00e9 tipos de cookies existen?<\/b><\/h2>\n<p><b><\/b><span style=\"font-weight: 400;\">Seg\u00fan la entidad que las gestiona:<\/span><\/p>\n<ul>\n<li style=\"font-weight: 400;\" aria-level=\"1\"><b>Cookies propias<\/b><span style=\"font-weight: 400;\">: Son aqu\u00e9llas que se env\u00edan al equipo terminal del usuario desde un equipo o dominio gestionado por el propio editor y desde el que se presta el servicio solicitado por el usuario.<\/span><\/li>\n<li style=\"font-weight: 400;\" aria-level=\"1\"><b>Cookies de terceros<\/b><span style=\"font-weight: 400;\">: Son aqu\u00e9llas que se env\u00edan al equipo terminal del usuario desde un equipo o dominio que no es gestionado por el editor, sino por otra entidad que trata los datos obtenidos a trav\u00e9s de las cookies.<\/span><\/li>\n<\/ul>\n<p><span style=\"font-weight: 400;\">Seg\u00fan el plazo de tiempo que permanecen activadas:<\/span><\/p>\n<ul>\n<li style=\"font-weight: 400;\" aria-level=\"1\"><b>Cookies de sesi\u00f3n<\/b><span style=\"font-weight: 400;\">: Son un tipo de cookies dise\u00f1adas para recabar y almacenar datos mientras el usuario accede a una p\u00e1gina web. Se suelen emplear para almacenar informaci\u00f3n que solo interesa conservar para la prestaci\u00f3n del servicio solicitado por el usuario en una sola ocasi\u00f3n.<\/span><\/li>\n<li style=\"font-weight: 400;\" aria-level=\"1\"><b>Cookies persistentes<\/b><span style=\"font-weight: 400;\">: Son un tipo de cookies en el que los datos siguen almacenados en el terminal y pueden ser accesibles y tratados durante un periodo definido por el responsable de la cookie, y que puede ir de unos minutos a varios a\u00f1os.<\/span><\/li>\n<\/ul>\n<p><span style=\"font-weight: 400;\">Seg\u00fan su finalidad<\/span><\/p>\n<ul>\n<li style=\"font-weight: 400;\" aria-level=\"1\"><b>Cookies t\u00e9cnicas o necesarias<\/b><span style=\"font-weight: 400;\">: son esenciales para que nuestra web funcione correctamente. No recopilan ning\u00fan tipo de datos de usuario. Solo incluyen funcionalidades b\u00e1sicas como preferencia de idioma, identificar la sesi\u00f3n o dar acceso a los usuarios registrados a zonas de acceso restringido. Por esos motivos no se pueden desactivar.<\/span><span style=\"font-weight: 400;\"><br \/>\n<\/span><b><\/b><\/li>\n<li style=\"font-weight: 400;\" aria-level=\"1\"><b>Cookies de an\u00e1lisis<\/b><span style=\"font-weight: 400;\">: Las cookies estad\u00edsticas nos ayudan a comprender c\u00f3mo interact\u00faan los visitantes con las p\u00e1ginas web reuniendo y proporcionando informaci\u00f3n de forma an\u00f3nima. La finalidad de esta informaci\u00f3n es la de mejorar el servicio de la web a nuestros usuarios en funci\u00f3n del an\u00e1lisis de los datos agregados.<\/span><span style=\"font-weight: 400;\"><br \/>\n<\/span><b><\/b><b><\/b><\/li>\n<\/ul>\n<ul>\n<li style=\"font-weight: 400;\" aria-level=\"1\"><b>Cookies publicitarias o de marketing<\/b><span style=\"font-weight: 400;\">: Son aqu\u00e9llas que permiten la gesti\u00f3n, de la forma m\u00e1s eficaz posible, de los espacios publicitarios que, en su caso, el editor haya incluido en una p\u00e1gina web, aplicaci\u00f3n o plataforma desde la que presta el servicio solicitado en base a criterios como el contenido editado o la frecuencia en la que se muestran los anuncios.<\/span><\/li>\n<li style=\"font-weight: 400;\" aria-level=\"1\"><b>Cookies de publicidad comportamental o de marketing personalizado<\/b>: Son aqu\u00e9llas que permiten la gesti\u00f3n, de la forma m\u00e1s eficaz posible, de los espacios publicitarios que, en su caso, el editor haya incluido en una p\u00e1gina web, aplicaci\u00f3n o plataforma desde la que presta el servicio solicitado.<\/li>\n<\/ul>\n<p><span style=\"font-weight: 400;\">Estas cookies almacenan informaci\u00f3n del comportamiento de los usuarios obtenida a trav\u00e9s de la observaci\u00f3n continuada de sus h\u00e1bitos de navegaci\u00f3n, lo que permite desarrollar un perfil espec\u00edfico para mostrar publicidad en funci\u00f3n del mismo. <\/span><span style=\"font-weight: 400;\"><br \/>\n<\/span><span style=\"font-weight: 400;\"><br \/>\n<\/span><span style=\"font-weight: 400;\">Asimismo es posible que al visitar alguna p\u00e1gina web o al abrir alg\u00fan email donde se publique alg\u00fan anuncio o alguna promoci\u00f3n sobre nuestros productos o servicios se instale en tu navegador alguna cookie que nos sirve para mostrarte posteriormente publicidad relacionada con la b\u00fasqueda que hayas realizado, desarrollar un control de nuestros anuncios en relaci\u00f3n, por ejemplo, con el n\u00famero de veces que son vistos, donde aparecen, a qu\u00e9 hora se ven, etc.<\/span><\/p>\n<h2><b>\u00bfCu\u00e1les utilizamos en nuestro sitio web?<\/b><\/h2>\n<p><strong>Cookies t\u00e9cnicas<\/strong><\/p>\n<p>&nbsp;<\/p>\n<div class=\"overflow-x-auto relative\">\n<table class=\"border-collapse table-auto w-full text-sm text-left text-gray-500 dark:text-gray-400\">\n<thead>\n<tr>\n<th class=\"border-b p-4 pl-8 pt-0 pb-3\">Nombre<\/th>\n<th class=\"border-b p-4 pl-8 pt-0 pb-3\">Proveedor<\/th>\n<th class=\"border-b p-4 pl-8 pt-0 pb-3\">Prop\u00f3sito<\/th>\n<th class=\"border-b p-4 pl-8 pt-0 pb-3\">Caducidad<\/th>\n<th class=\"border-b p-4 pl-8 pt-0 pb-3\">Tipo<\/th>\n<\/tr>\n<\/thead>\n<tbody>\n<tr>\n<td class=\"border-b p-4 pl-8 pb-3\">wp-wpml_current_language<\/td>\n<td class=\"border-b p-4 pl-8 pb-3\">Segurma<\/td>\n<td class=\"border-b p-4 pl-8 pb-3\">Almacena el lenguaje seleccionado por el usuario<\/td>\n<td class=\"border-b p-4 pl-8 pb-3\">Al finalizar la sesi&oacute;n<\/td>\n<td class=\"border-b p-4 pl-8 pb-3\">HTTP Cookie<\/td>\n<\/tr>\n<tr>\n<td class=\"border-b p-4 pl-8 pb-3\">CookieLawInfoConsent<\/td>\n<td class=\"border-b p-4 pl-8 pb-3\">Segurma<\/td>\n<td class=\"border-b p-4 pl-8 pb-3\">Almacena el consentimiento seleccionado por el usuario<\/td>\n<td class=\"border-b p-4 pl-8 pb-3\">6 meses<\/td>\n<td class=\"border-b p-4 pl-8 pb-3\">HTTP Cookie<\/td>\n<\/tr>\n<tr>\n<td class=\"border-b p-4 pl-8 pb-3\">cookielawinfo-checkbox-necessary<\/td>\n<td class=\"border-b p-4 pl-8 pb-3\">Segurma<\/td>\n<td class=\"border-b p-4 pl-8 pb-3\">Almacena las preferencias del usuario respecto a las cookies necesarias<\/td>\n<td class=\"border-b p-4 pl-8 pb-3\">6 meses<\/td>\n<td class=\"border-b p-4 pl-8 pb-3\">HTTP Cookie<\/td>\n<\/tr>\n<tr>\n<td class=\"border-b p-4 pl-8 pb-3\">cookielawinfo-checkbox-non-necessary<\/td>\n<td class=\"border-b p-4 pl-8 pb-3\">Segurma<\/td>\n<td class=\"border-b p-4 pl-8 pb-3\">Almacena las preferencias del usuario respecto a las cookies no necesarias<\/td>\n<td class=\"border-b p-4 pl-8 pb-3\">6 meses<\/td>\n<td class=\"border-b p-4 pl-8 pb-3\">HTTP Cookie<\/td>\n<\/tr>\n<tr>\n<td class=\"border-b p-4 pl-8 pb-3\">viewed_cookie_policy<\/td>\n<td class=\"border-b p-4 pl-8 pb-3\">Segurma<\/td>\n<td class=\"border-b p-4 pl-8 pb-3\">Comprueba si el usuario ha visto la pol&iacute;tica de cookies<\/td>\n<td class=\"border-b p-4 pl-8 pb-3\">6 meses<\/td>\n<td class=\"border-b p-4 pl-8 pb-3\">HTTP Cookie<\/td>\n<\/tr>\n<\/tbody>\n<\/table>\n<\/div>\n<p>&nbsp;<\/p>\n<p><strong>Cookies de an\u00e1lisis<\/strong><\/p>\n<p>&nbsp;<\/p>\n<div class=\"overflow-x-auto relative\">\n<table class=\"border-collapse table-auto w-full text-sm text-left text-gray-500 dark:text-gray-400\">\n<tbody>\n<tr>\n<th class=\"border-b p-4 pl-8 pb-3\">Nombre<\/th>\n<th class=\"border-b p-4 pl-8 pb-3\">Proveedor<\/th>\n<th class=\"border-b p-4 pl-8 pb-3\">Prop\u00f3sito<\/th>\n<th class=\"border-b p-4 pl-8 pb-3\">Caducidad <\/th>\n<th class=\"border-b p-4 pl-8 pb-3\">Tipo<\/th>\n<\/tr>\n<tr>\n<td class=\"border-b p-4 pl-8 pb-3\">_ga<\/td>\n<td class=\"border-b p-4 pl-8 pb-3\">Google<\/td>\n<td class=\"border-b p-4 pl-8 pb-3\">Almacena el estado de consentimiento de cookies del usuario para el dominio actual<\/td>\n<td class=\"border-b p-4 pl-8 pb-3\">2 a&ntilde;os<\/td>\n<td class=\"border-b p-4 pl-8 pb-3\">HTTP Cookie<\/td>\n<\/tr>\n<\/tbody>\n<\/table>\n<\/div>\n<p>&nbsp;<\/p>\n<p>&nbsp;<\/p>\n<h2><b>Bloqueo o eliminaci\u00f3n de cookies<\/b><\/h2>\n<p><span style=\"font-weight: 400;\">Para permitir, conocer, bloquear o eliminar las cookies instaladas en tu equipo puedes hacerlo mediante la configuraci\u00f3n de las opciones del navegador instalado en tu ordenador.<\/span><\/p>\n<p><span style=\"font-weight: 400;\">A continuaci\u00f3n te damos acceso a la informaci\u00f3n de los principales navegadores sobre c\u00f3mo hacerlo:<\/span><\/p>\n<div class=\"px-6 mb-6\">\n<ul class=\"list-disc\">\n<li style=\"font-weight: 400;\" aria-level=\"1\"><a href=\"https:\/\/support.mozilla.org\/es\/kb\/habilitar-y-deshabilitar-cookies-sitios-web-rastrear-preferencias\"><span style=\"font-weight: 400;\">Mozilla Firefox<\/span><\/a><\/li>\n<li style=\"font-weight: 400;\" aria-level=\"1\"><a href=\"https:\/\/support.google.com\/chrome\/answer\/95647?hl=es\"><span style=\"font-weight: 400;\">Google Chrome\u00a0<\/span><\/a><\/li>\n<li style=\"font-weight: 400;\" aria-level=\"1\"><a href=\"https:\/\/support.microsoft.com\/es-es\/windows\/eliminar-y-administrar-cookies-168dab11-0753-043d-7c16-ede5947fc64d\"><span style=\"font-weight: 400;\">Internet Explorer<\/span><\/a><span style=\"font-weight: 400;\">\u00a0<\/span><\/li>\n<li style=\"font-weight: 400;\" aria-level=\"1\"><a href=\"https:\/\/support.microsoft.com\/es-es\/help\/4468242\/microsoft-edge-browsing-data-and-privacy-microsoft-privacy\"><span style=\"font-weight: 400;\">Microsoft Edge<\/span><\/a><\/li>\n<li style=\"font-weight: 400;\" aria-level=\"1\"><a href=\"https:\/\/support.apple.com\/guide\/safari\/manage-cookies-and-website-data-sfri11471\/mac\"><span style=\"font-weight: 400;\">Safari<\/span><\/a><\/li>\n<li style=\"font-weight: 400;\" aria-level=\"1\"><a href=\"https:\/\/help.opera.com\/en\/latest\/web-preferences\/#cookies\"><span style=\"font-weight: 400;\">Opera<\/span><\/a><\/li>\n<\/ul>\n<\/div>\n<p><span style=\"font-weight: 400;\">Recuerde que ciertas funciones pueden no estar disponibles despu\u00e9s de deshabilitar o rechazar las cookies en su navegador o, expresamente las cookies de <\/span><span style=\"font-weight: 400;\">este sitio web<\/span><span style=\"font-weight: 400;\">. En cualquier caso, el Usuario podr\u00e1 eliminar las cookies de <\/span><span style=\"font-weight: 400;\">este sitio web<\/span><span style=\"font-weight: 400;\"> implantadas en su dispositivo en cualquier momento, siguiendo el procedimiento establecido en la secci\u00f3n de ayuda de su navegador.<\/span><span style=\"font-weight: 400;\"><br \/>\n<\/span><span style=\"font-weight: 400;\"><br \/>\n<\/span><span style=\"font-weight: 400;\">Tambi\u00e9n puede utilizar el modo de navegaci\u00f3n privada en su navegador, evitando que queden guardados el historial de navegaci\u00f3n y las cookies.<\/span><\/p>\n<p><span style=\"font-weight: 400;\">El Sitio Web tambi\u00e9n usa cookies en dispositivos m\u00f3viles. Puede modificar las opciones de privacidad de su dispositivo accediendo a los siguientes enlaces, donde se ofrecen instrucciones para gestionar sus preferencias:<\/span><\/p>\n<p><a href=\"http:\/\/goo.gl\/61xevS\"><span style=\"font-weight: 400;\">IOS<\/span><\/a><span style=\"font-weight: 400;\"> | <\/span><a href=\"http:\/\/goo.gl\/Rx8QQ\"><span style=\"font-weight: 400;\">Windows Phone<\/span><\/a><span style=\"font-weight: 400;\"> | <\/span><a href=\"http:\/\/goo.gl\/XJp7N\"><span style=\"font-weight: 400;\">Chrome Mobile<\/span><\/a><span style=\"font-weight: 400;\"> | <\/span><a href=\"http:\/\/goo.gl\/Nzr8s7\"><span style=\"font-weight: 400;\">Opera Mobile<\/span><\/a><\/p>\n<p><span style=\"font-weight: 400;\">Otros sitios web de inter\u00e9s que utilizan cookies y recogen informaci\u00f3n estad\u00edstica de navegaci\u00f3n:<\/span><\/p>\n<div class=\"px-6 mb-6\">\n<ul class=\"list-disc\">\n<li style=\"font-weight: 400;\" aria-level=\"1\"><a href=\"https:\/\/www.google.com\/policies\/privacy\"><span style=\"font-weight: 400;\">Google Analytics<\/span><\/a><\/li>\n<li style=\"font-weight: 400;\" aria-level=\"1\"><a href=\"https:\/\/www.google.com\/policies\/privacy\"><span style=\"font-weight: 400;\">Google Tag Manager<\/span><\/a><\/li>\n<\/ul>\n<\/div>\n<h2><b>Consentimiento<\/b><\/h2>\n<p><span style=\"font-weight: 400;\">Al navegar y continuar en el sitio web estar\u00e1 consintiendo el uso de las cookies antes enunciadas, por los plazos se\u00f1alados y en las condiciones contenidas en la presente Pol\u00edtica de Cookies.<\/span><\/p>\n<p><span style=\"font-weight: 400;\">Puede obtener m\u00e1s informaci\u00f3n sobre nosotros a trav\u00e9s de nuestro aviso legal o mediante correo electr\u00f3nico dirigido a la direcci\u00f3n tacktil@tacktil.com<\/span><\/p>\n","protected":false},"excerpt":{"rendered":"<p>Informaci\u00f3n general Debido a la entrada en vigor de la referente modificaci\u00f3n de la \u201cLey de Servicios de la Sociedad de la Informaci\u00f3n\u201d (LSSICE) establecida por el Real Decreto 13\/2012, es de obligaci\u00f3n obtener el consentimiento expreso del usuario de todas las p\u00e1ginas web que usan cookies prescindibles, antes de que \u00e9ste navegue por ellas. [&hellip;]<\/p>\n","protected":false},"author":6,"featured_media":0,"parent":0,"menu_order":0,"comment_status":"closed","ping_status":"closed","template":"","meta":{"_acf_changed":false,"footnotes":""},"class_list":["post-2782","page","type-page","status-publish","hentry"],"acf":[],"yoast_head":"<!-- This site is optimized with the Yoast SEO plugin v24.5 - https:\/\/yoast.com\/wordpress\/plugins\/seo\/ -->\n<title>Pol\u00edtica de cookies - Tacktil<\/title>\n<meta name=\"robots\" content=\"index, follow, max-snippet:-1, max-image-preview:large, max-video-preview:-1\" \/>\n<link rel=\"canonical\" href=\"https:\/\/www.tacktil.com\/fr\/politica-de-cookies\/\" \/>\n<meta property=\"og:locale\" content=\"fr_FR\" \/>\n<meta property=\"og:type\" content=\"article\" \/>\n<meta property=\"og:title\" content=\"Pol\u00edtica de cookies - Tacktil\" \/>\n<meta property=\"og:description\" content=\"Informaci\u00f3n general Debido a la entrada en vigor de la referente modificaci\u00f3n de la \u201cLey de Servicios de la Sociedad de la Informaci\u00f3n\u201d (LSSICE) establecida por el Real Decreto 13\/2012, es de obligaci\u00f3n obtener el consentimiento expreso del usuario de todas las p\u00e1ginas web que usan cookies prescindibles, antes de que \u00e9ste navegue por ellas. [&hellip;]\" \/>\n<meta property=\"og:url\" content=\"https:\/\/www.tacktil.com\/fr\/politica-de-cookies\/\" \/>\n<meta property=\"og:site_name\" content=\"Tacktil\" \/>\n<meta name=\"twitter:card\" content=\"summary_large_image\" \/>\n<meta name=\"twitter:label1\" content=\"Est. reading time\" \/>\n\t<meta name=\"twitter:data1\" content=\"6 minutes\" \/>\n<script type=\"application\/ld+json\" class=\"yoast-schema-graph\">{\"@context\":\"https:\/\/schema.org\",\"@graph\":[{\"@type\":\"WebPage\",\"@id\":\"https:\/\/www.tacktil.com\/fr\/politica-de-cookies\/\",\"url\":\"https:\/\/www.tacktil.com\/fr\/politica-de-cookies\/\",\"name\":\"Pol\u00edtica de cookies - Tacktil\",\"isPartOf\":{\"@id\":\"https:\/\/www.tacktil.com\/#website\"},\"datePublished\":\"2022-09-18T15:15:22+00:00\",\"breadcrumb\":{\"@id\":\"https:\/\/www.tacktil.com\/fr\/politica-de-cookies\/#breadcrumb\"},\"inLanguage\":\"fr-FR\",\"potentialAction\":[{\"@type\":\"ReadAction\",\"target\":[\"https:\/\/www.tacktil.com\/fr\/politica-de-cookies\/\"]}]},{\"@type\":\"BreadcrumbList\",\"@id\":\"https:\/\/www.tacktil.com\/fr\/politica-de-cookies\/#breadcrumb\",\"itemListElement\":[{\"@type\":\"ListItem\",\"position\":1,\"name\":\"Portada\",\"item\":\"https:\/\/www.tacktil.com\/fr\/\"},{\"@type\":\"ListItem\",\"position\":2,\"name\":\"Pol\u00edtica de cookies\"}]},{\"@type\":\"WebSite\",\"@id\":\"https:\/\/www.tacktil.com\/#website\",\"url\":\"https:\/\/www.tacktil.com\/\",\"name\":\"Tacktil\",\"description\":\"Software para la conservaci\u00f3n, estudio e investigaci\u00f3n del patrimonio hist\u00f3rico\",\"potentialAction\":[{\"@type\":\"SearchAction\",\"target\":{\"@type\":\"EntryPoint\",\"urlTemplate\":\"https:\/\/www.tacktil.com\/?s={search_term_string}\"},\"query-input\":{\"@type\":\"PropertyValueSpecification\",\"valueRequired\":true,\"valueName\":\"search_term_string\"}}],\"inLanguage\":\"fr-FR\"}]}<\/script>\n<!-- \/ Yoast SEO plugin. -->","yoast_head_json":{"title":"Pol\u00edtica de cookies - Tacktil","robots":{"index":"index","follow":"follow","max-snippet":"max-snippet:-1","max-image-preview":"max-image-preview:large","max-video-preview":"max-video-preview:-1"},"canonical":"https:\/\/www.tacktil.com\/fr\/politica-de-cookies\/","og_locale":"fr_FR","og_type":"article","og_title":"Pol\u00edtica de cookies - Tacktil","og_description":"Informaci\u00f3n general Debido a la entrada en vigor de la referente modificaci\u00f3n de la \u201cLey de Servicios de la Sociedad de la Informaci\u00f3n\u201d (LSSICE) establecida por el Real Decreto 13\/2012, es de obligaci\u00f3n obtener el consentimiento expreso del usuario de todas las p\u00e1ginas web que usan cookies prescindibles, antes de que \u00e9ste navegue por ellas. [&hellip;]","og_url":"https:\/\/www.tacktil.com\/fr\/politica-de-cookies\/","og_site_name":"Tacktil","twitter_card":"summary_large_image","twitter_misc":{"Est. reading time":"6 minutes"},"schema":{"@context":"https:\/\/schema.org","@graph":[{"@type":"WebPage","@id":"https:\/\/www.tacktil.com\/fr\/politica-de-cookies\/","url":"https:\/\/www.tacktil.com\/fr\/politica-de-cookies\/","name":"Pol\u00edtica de cookies - Tacktil","isPartOf":{"@id":"https:\/\/www.tacktil.com\/#website"},"datePublished":"2022-09-18T15:15:22+00:00","breadcrumb":{"@id":"https:\/\/www.tacktil.com\/fr\/politica-de-cookies\/#breadcrumb"},"inLanguage":"fr-FR","potentialAction":[{"@type":"ReadAction","target":["https:\/\/www.tacktil.com\/fr\/politica-de-cookies\/"]}]},{"@type":"BreadcrumbList","@id":"https:\/\/www.tacktil.com\/fr\/politica-de-cookies\/#breadcrumb","itemListElement":[{"@type":"ListItem","position":1,"name":"Portada","item":"https:\/\/www.tacktil.com\/fr\/"},{"@type":"ListItem","position":2,"name":"Pol\u00edtica de cookies"}]},{"@type":"WebSite","@id":"https:\/\/www.tacktil.com\/#website","url":"https:\/\/www.tacktil.com\/","name":"Tacktil","description":"Software para la conservaci\u00f3n, estudio e investigaci\u00f3n del patrimonio hist\u00f3rico","potentialAction":[{"@type":"SearchAction","target":{"@type":"EntryPoint","urlTemplate":"https:\/\/www.tacktil.com\/?s={search_term_string}"},"query-input":{"@type":"PropertyValueSpecification","valueRequired":true,"valueName":"search_term_string"}}],"inLanguage":"fr-FR"}]}},"_links":{"self":[{"href":"https:\/\/www.tacktil.com\/fr\/wp-json\/wp\/v2\/pages\/2782","targetHints":{"allow":["GET"]}}],"collection":[{"href":"https:\/\/www.tacktil.com\/fr\/wp-json\/wp\/v2\/pages"}],"about":[{"href":"https:\/\/www.tacktil.com\/fr\/wp-json\/wp\/v2\/types\/page"}],"author":[{"embeddable":true,"href":"https:\/\/www.tacktil.com\/fr\/wp-json\/wp\/v2\/users\/6"}],"replies":[{"embeddable":true,"href":"https:\/\/www.tacktil.com\/fr\/wp-json\/wp\/v2\/comments?post=2782"}],"version-history":[{"count":0,"href":"https:\/\/www.tacktil.com\/fr\/wp-json\/wp\/v2\/pages\/2782\/revisions"}],"wp:attachment":[{"href":"https:\/\/www.tacktil.com\/fr\/wp-json\/wp\/v2\/media?parent=2782"}],"curies":[{"name":"wp","href":"https:\/\/api.w.org\/{rel}","templated":true}]}}