{"id":2780,"date":"2022-09-18T17:14:38","date_gmt":"2022-09-18T15:14:38","guid":{"rendered":"https:\/\/www.tacktil.com\/privacidad\/"},"modified":"2022-09-18T17:14:38","modified_gmt":"2022-09-18T15:14:38","slug":"privacidad","status":"publish","type":"page","link":"https:\/\/www.tacktil.com\/fr\/privacidad\/","title":{"rendered":"Pol\u00edtica de privacidad"},"content":{"rendered":"\r\n<h2 class=\"p1 wp-block-heading\"><b>1. Datos del Responsable del Tratamiento<\/b><\/h2>\r\n<p class=\"p1\">Denominaci\u00f3n Social: Sisu Studio S.L, en adelante, \u00abLa empresa\u00bb<\/p>\r\n<p class=\"p1\">Nombre Comercial: Tacktil<\/p>\r\n<p class=\"p1\">Domicilio Social: Avendia Isabel II, 16-7\u00baE<\/p>\r\n<p class=\"p1\">NIF: B75180174<\/p>\r\n<p class=\"p1\">Tel\u00e9fono: 699208617<\/p>\r\n<p class=\"p1\">Email: tacktil@tacktil.com<\/p>\r\n<h2 class=\"p1\"><b>1.1. Normativa aplicable<\/b><\/h2>\r\n<p class=\"p1\">Nuestra Pol\u00edtica de Privacidad se ha dise\u00f1ado de acuerdo con el Reglamento General de Protecci\u00f3n de Datos de la UE 2016\/679 del Parlamento Europeo y del Consejo, de 27 de abril de 2016, relativo a la protecci\u00f3n de las personas f\u00edsicas en lo que respecta al tratamiento de datos personales y a la libre circulaci\u00f3n de estos datos y por el que se deroga la Directiva 95\/46\/CE (Reglamento general de protecci\u00f3n de datos), y la Ley Org\u00e1nica 3\/2018 del 5 de diciembre, de Protecci\u00f3n de Datos de Car\u00e1cter Personal y Garant\u00eda de los Derechos Digitales.<span class=\"Apple-converted-space\">\u00a0<\/span><\/p>\r\n<p class=\"p1\">Al facilitarnos sus datos, Usted declara haber le\u00eddo y conocer la presente Pol\u00edtica de Privacidad, prestando su consentimiento inequ\u00edvoco y expreso al tratamiento de sus datos personales de acuerdo a las finalidades y t\u00e9rminos aqu\u00ed expresados.<\/p>\r\n<p class=\"p1\">La Empresa podr\u00e1 modificar la presente Pol\u00edtica de Privacidad para adaptarla a las novedades legislativas, jurisprudenciales o de interpretaci\u00f3n de la Agencia Espa\u00f1ola de Protecci\u00f3n de Datos. Estas condiciones de privacidad podr\u00e1n ser complementadas por el Aviso Legal, Pol\u00edtica de Cookies y las Condiciones Generales que, en su caso, se recojan para determinados productos o servicios, si dicho acceso supone alguna especialidad en materia de protecci\u00f3n de datos de car\u00e1cter personal.<\/p>\r\n<h2 class=\"p1\"><b>2. Finalidad del Tratamiento de los Datos Personales<\/b><\/h2>\r\n<p class=\"p1\">El tratamiento que realizamos de sus datos personales responde a las siguientes finalidades:<\/p>\r\n<ul class=\"ul1\">\r\n<li class=\"li1\">Gesti\u00f3n de la relaci\u00f3n comercial o precontractual con los clientes y clientes potenciales. Elaboraci\u00f3n de propuestas de colaboraci\u00f3n relacionadas con nuestro software y\/o elaboraci\u00f3n de presupuestos u ofertas.<\/li>\r\n<li class=\"li1\">Gestionar las solicitudes o peticiones de cualquier tipo realizadas a trav\u00e9s del formulario de contacto del Portal Web, o a trav\u00e9s de otros medios de contacto como correo electr\u00f3nico o tel\u00e9fono.<\/li>\r\n<li class=\"li1\">Mantener informados a los clientes y clientes potenciales de las novedades de nuestro software y servicios.<\/li>\r\n<\/ul>\r\n<h2 class=\"p1\"><b>2.1. Plazo de Conservaci\u00f3n de sus datos<\/b><\/h2>\r\n<p class=\"p1\">Conservaremos sus datos personales desde que nos d\u00e9 su consentimiento hasta que lo revoque o bien solicite la limitaci\u00f3n del tratamiento. En tales casos, mantendremos sus datos de manera bloqueada durante los plazos legalmente exigidos.<\/p>\r\n<h2 class=\"p1\"><b>3. Legitimaci\u00f3n y Datos Recabados<\/b><\/h2>\r\n<p class=\"p1\">La legitimaci\u00f3n para el tratamiento de sus datos es el consentimiento expreso otorgado mediante un acto positivo y afirmativo (rellenar el formulario correspondiente y marcar la casilla de aceptaci\u00f3n de esta pol\u00edtica) en el momento de facilitarnos sus datos personales.<\/p>\r\n<h2 class=\"p1\"><b>3.1. Consentimiento para tratar sus datos<\/b><\/h2>\r\n<p class=\"p1\">Al rellenar los formularios, marcar la casilla \u201cAcepto la Pol\u00edtica de Privacidad\u201d y hacer clic para enviar los datos, o al remitir correos electr\u00f3nicos a la Empresa a trav\u00e9s de las cuentas habilitadas al efecto, el Usuario manifiesta haber le\u00eddo y aceptado expresamente la presente pol\u00edtica de privacidad, y otorga su consentimiento inequ\u00edvoco y expreso al tratamiento de sus datos personales conforme a las finalidades indicadas.<\/p>\r\n<h2 class=\"p1\"><b>3.2. Categor\u00edas de datos<\/b><\/h2>\r\n<p class=\"p1\">Las categor\u00edas de datos a los que se accede y se trata son los facilitados por los usuarios a trav\u00e9s del formulario de contacto de nuestro Portal Web o a trav\u00e9s del correo electr\u00f3nico fruto de la relaci\u00f3n comercial entre ambas partes. Estos datos pueden corresponderse principalmente a las siguientes categor\u00edas:<\/p>\r\n<ul class=\"ul1\">\r\n<li class=\"li1\">Datos identificativos y de contacto (nombre completo, n\u00famero de tel\u00e9fono, direcci\u00f3n de correo electr\u00f3nico.<\/li>\r\n<li class=\"li1\">Datos de caracter\u00edsticas personales (empresa, departamento,puesto\/cargo, datos de contacto corporativos).<\/li>\r\n<\/ul>\r\n<h2 class=\"p1\"><b>4. Medidas de Seguridad<\/b><\/h2>\r\n<p class=\"p1\">Dentro de nuestro compromiso por garantizar la seguridad y confidencialidad de sus datos de car\u00e1cter personal, le informamos que se han adoptado las medidas de \u00edndole t\u00e9cnica y organizativas necesarias para garantizar la seguridad de los datos de car\u00e1cter personal y evitar su alteraci\u00f3n, p\u00e9rdida, tratamiento o acceso no autorizado, habida cuenta del estado de la tecnolog\u00eda, la naturaleza de los datos almacenados y los riesgos a que est\u00e9n expuestos, seg\u00fan el Art. 32 del RGPD EU 679\/2016.<\/p>\r\n<h2 class=\"p1\"><b>5. Cesi\u00f3n de Datos<\/b><\/h2>\r\n<p class=\"p1\">No se prev\u00e9n cesiones de datos ni transferencias internacionales de sus datos, a excepci\u00f3n de las autorizadas por la legislaci\u00f3n fiscal, mercantil y de telecomunicaciones as\u00ed como en aquellos casos en los que una autoridad judicial nos lo requiera.<\/p>\r\n<h2 class=\"p1\"><b>6. Derechos del Usuario<\/b><\/h2>\r\n<p class=\"p1\">Cualquier interesado tiene derecho a obtener confirmaci\u00f3n sobre si estamos tratando datos personales que le concierne, o no. Las personas interesadas tienen derecho a acceder a sus datos personales, as\u00ed como a solicitar la rectificaci\u00f3n de los datos inexactos o, en su caso, solicitar su supresi\u00f3n cuando, entre otros motivos, los datos ya no sean necesarios para los fines que fueron recogidos.<span class=\"Apple-converted-space\">\u00a0<\/span><\/p>\r\n<p class=\"p1\">En determinadas circunstancias, los interesados podr\u00e1n solicitar la limitaci\u00f3n del tratamiento de sus datos, en cuyo caso \u00fanicamente los conservaremos para el ejercicio o la defensa de reclamaciones. Por motivos relacionados con su situaci\u00f3n particular, los interesados podr\u00e1n oponerse al tratamiento de sus datos.<span class=\"Apple-converted-space\">\u00a0<\/span><\/p>\r\n<p class=\"p1\">El Responsable del fichero dejar\u00e1 de tratar los datos, salvo por motivos leg\u00edtimos imperiosos, o el ejercicio o la defensa de posibles reclamaciones. De acuerdo con la legislaci\u00f3n vigente tiene los siguientes derechos: derecho a solicitar el acceso a sus datos personales, derecho a solicitar su rectificaci\u00f3n o supresi\u00f3n, derecho a solicitar la limitaci\u00f3n de su tratamiento, derecho a oponerse al tratamiento, derecho a la portabilidad de los datos y as\u00ed mismo, a revocar el consentimiento otorgado. Asimismo, tiene derecho a presentar una reclamaci\u00f3n ante la Agencia Espa\u00f1ola de Protecci\u00f3n de Datos.<\/p>\r\n<h2 class=\"p1\"><b>6.1. \u00bfC\u00f3mo ejercitar mis derechos?<\/b><\/h2>\r\n<p class=\"p1\">Para ejercer sus derechos, debe dirigirse al responsable, solicitando el correspondiente formulario para el ejercicio del derecho elegido. Opcionalmente, puede acudir a la Autoridad de Control competente para obtener informaci\u00f3n adicional acerca de sus derechos. Los datos de contacto para el ejercicio de sus derechos son el tel\u00e9fono 699208617 y el correo electr\u00f3nico tacktil@tacktil.com. Recuerde acompa\u00f1ar una copia de un documento que nos permita identificarle.<\/p>\r\n<h2 class=\"p1\"><b>7. Consentimiento para env\u00edo de Comunicaciones Electr\u00f3nicas<\/b><\/h2>\r\n<p class=\"p1\">As\u00ed mismo, y de acuerdo con lo establecido en la Ley 34\/2002, de 11 de julio, de Servicios de la Sociedad de la Informaci\u00f3n y del Comercio Electr\u00f3nico, completando el formulario de recogida de datos y marcando la correspondiente casilla \u201cAcepto el env\u00edo de comunicaciones electr\u00f3nicas\u201d, est\u00e1 otorgando el consentimiento expreso para enviarle a su direcci\u00f3n de correo electr\u00f3nico, tel\u00e9fono, fax u otro medio electr\u00f3nico en env\u00edo de informaci\u00f3n acerca de la Empresa.<\/p>\r\n","protected":false},"excerpt":{"rendered":"<p>1. Datos del Responsable del Tratamiento Denominaci\u00f3n Social: Sisu Studio S.L, en adelante, \u00abLa empresa\u00bb Nombre Comercial: Tacktil Domicilio Social: Avendia Isabel II, 16-7\u00baE NIF: B75180174 Tel\u00e9fono: 699208617 Email: tacktil@tacktil.com 1.1. Normativa aplicable Nuestra Pol\u00edtica de Privacidad se ha dise\u00f1ado de acuerdo con el Reglamento General de Protecci\u00f3n de Datos de la UE 2016\/679 del [&hellip;]<\/p>\n","protected":false},"author":6,"featured_media":0,"parent":0,"menu_order":0,"comment_status":"closed","ping_status":"closed","template":"","meta":{"_acf_changed":false,"footnotes":""},"class_list":["post-2780","page","type-page","status-publish","hentry"],"acf":[],"yoast_head":"<!-- This site is optimized with the Yoast SEO plugin v24.5 - https:\/\/yoast.com\/wordpress\/plugins\/seo\/ -->\n<title>Pol\u00edtica de privacidad - Tacktil<\/title>\n<meta name=\"robots\" content=\"index, follow, max-snippet:-1, max-image-preview:large, max-video-preview:-1\" \/>\n<link rel=\"canonical\" href=\"https:\/\/www.tacktil.com\/fr\/privacidad\/\" \/>\n<meta property=\"og:locale\" content=\"fr_FR\" \/>\n<meta property=\"og:type\" content=\"article\" \/>\n<meta property=\"og:title\" content=\"Pol\u00edtica de privacidad - Tacktil\" \/>\n<meta property=\"og:description\" content=\"1. Datos del Responsable del Tratamiento Denominaci\u00f3n Social: Sisu Studio S.L, en adelante, \u00abLa empresa\u00bb Nombre Comercial: Tacktil Domicilio Social: Avendia Isabel II, 16-7\u00baE NIF: B75180174 Tel\u00e9fono: 699208617 Email: tacktil@tacktil.com 1.1. Normativa aplicable Nuestra Pol\u00edtica de Privacidad se ha dise\u00f1ado de acuerdo con el Reglamento General de Protecci\u00f3n de Datos de la UE 2016\/679 del [&hellip;]\" \/>\n<meta property=\"og:url\" content=\"https:\/\/www.tacktil.com\/fr\/privacidad\/\" \/>\n<meta property=\"og:site_name\" content=\"Tacktil\" \/>\n<meta name=\"twitter:card\" content=\"summary_large_image\" \/>\n<meta name=\"twitter:label1\" content=\"Est. reading time\" \/>\n\t<meta name=\"twitter:data1\" content=\"6 minutes\" \/>\n<script type=\"application\/ld+json\" class=\"yoast-schema-graph\">{\"@context\":\"https:\/\/schema.org\",\"@graph\":[{\"@type\":\"WebPage\",\"@id\":\"https:\/\/www.tacktil.com\/fr\/privacidad\/\",\"url\":\"https:\/\/www.tacktil.com\/fr\/privacidad\/\",\"name\":\"Pol\u00edtica de privacidad - Tacktil\",\"isPartOf\":{\"@id\":\"https:\/\/www.tacktil.com\/#website\"},\"datePublished\":\"2022-09-18T15:14:38+00:00\",\"breadcrumb\":{\"@id\":\"https:\/\/www.tacktil.com\/fr\/privacidad\/#breadcrumb\"},\"inLanguage\":\"fr-FR\",\"potentialAction\":[{\"@type\":\"ReadAction\",\"target\":[\"https:\/\/www.tacktil.com\/fr\/privacidad\/\"]}]},{\"@type\":\"BreadcrumbList\",\"@id\":\"https:\/\/www.tacktil.com\/fr\/privacidad\/#breadcrumb\",\"itemListElement\":[{\"@type\":\"ListItem\",\"position\":1,\"name\":\"Portada\",\"item\":\"https:\/\/www.tacktil.com\/fr\/\"},{\"@type\":\"ListItem\",\"position\":2,\"name\":\"Pol\u00edtica de privacidad\"}]},{\"@type\":\"WebSite\",\"@id\":\"https:\/\/www.tacktil.com\/#website\",\"url\":\"https:\/\/www.tacktil.com\/\",\"name\":\"Tacktil\",\"description\":\"Software para la conservaci\u00f3n, estudio e investigaci\u00f3n del patrimonio hist\u00f3rico\",\"potentialAction\":[{\"@type\":\"SearchAction\",\"target\":{\"@type\":\"EntryPoint\",\"urlTemplate\":\"https:\/\/www.tacktil.com\/?s={search_term_string}\"},\"query-input\":{\"@type\":\"PropertyValueSpecification\",\"valueRequired\":true,\"valueName\":\"search_term_string\"}}],\"inLanguage\":\"fr-FR\"}]}<\/script>\n<!-- \/ Yoast SEO plugin. -->","yoast_head_json":{"title":"Pol\u00edtica de privacidad - Tacktil","robots":{"index":"index","follow":"follow","max-snippet":"max-snippet:-1","max-image-preview":"max-image-preview:large","max-video-preview":"max-video-preview:-1"},"canonical":"https:\/\/www.tacktil.com\/fr\/privacidad\/","og_locale":"fr_FR","og_type":"article","og_title":"Pol\u00edtica de privacidad - Tacktil","og_description":"1. Datos del Responsable del Tratamiento Denominaci\u00f3n Social: Sisu Studio S.L, en adelante, \u00abLa empresa\u00bb Nombre Comercial: Tacktil Domicilio Social: Avendia Isabel II, 16-7\u00baE NIF: B75180174 Tel\u00e9fono: 699208617 Email: tacktil@tacktil.com 1.1. Normativa aplicable Nuestra Pol\u00edtica de Privacidad se ha dise\u00f1ado de acuerdo con el Reglamento General de Protecci\u00f3n de Datos de la UE 2016\/679 del [&hellip;]","og_url":"https:\/\/www.tacktil.com\/fr\/privacidad\/","og_site_name":"Tacktil","twitter_card":"summary_large_image","twitter_misc":{"Est. reading time":"6 minutes"},"schema":{"@context":"https:\/\/schema.org","@graph":[{"@type":"WebPage","@id":"https:\/\/www.tacktil.com\/fr\/privacidad\/","url":"https:\/\/www.tacktil.com\/fr\/privacidad\/","name":"Pol\u00edtica de privacidad - Tacktil","isPartOf":{"@id":"https:\/\/www.tacktil.com\/#website"},"datePublished":"2022-09-18T15:14:38+00:00","breadcrumb":{"@id":"https:\/\/www.tacktil.com\/fr\/privacidad\/#breadcrumb"},"inLanguage":"fr-FR","potentialAction":[{"@type":"ReadAction","target":["https:\/\/www.tacktil.com\/fr\/privacidad\/"]}]},{"@type":"BreadcrumbList","@id":"https:\/\/www.tacktil.com\/fr\/privacidad\/#breadcrumb","itemListElement":[{"@type":"ListItem","position":1,"name":"Portada","item":"https:\/\/www.tacktil.com\/fr\/"},{"@type":"ListItem","position":2,"name":"Pol\u00edtica de privacidad"}]},{"@type":"WebSite","@id":"https:\/\/www.tacktil.com\/#website","url":"https:\/\/www.tacktil.com\/","name":"Tacktil","description":"Software para la conservaci\u00f3n, estudio e investigaci\u00f3n del patrimonio hist\u00f3rico","potentialAction":[{"@type":"SearchAction","target":{"@type":"EntryPoint","urlTemplate":"https:\/\/www.tacktil.com\/?s={search_term_string}"},"query-input":{"@type":"PropertyValueSpecification","valueRequired":true,"valueName":"search_term_string"}}],"inLanguage":"fr-FR"}]}},"_links":{"self":[{"href":"https:\/\/www.tacktil.com\/fr\/wp-json\/wp\/v2\/pages\/2780","targetHints":{"allow":["GET"]}}],"collection":[{"href":"https:\/\/www.tacktil.com\/fr\/wp-json\/wp\/v2\/pages"}],"about":[{"href":"https:\/\/www.tacktil.com\/fr\/wp-json\/wp\/v2\/types\/page"}],"author":[{"embeddable":true,"href":"https:\/\/www.tacktil.com\/fr\/wp-json\/wp\/v2\/users\/6"}],"replies":[{"embeddable":true,"href":"https:\/\/www.tacktil.com\/fr\/wp-json\/wp\/v2\/comments?post=2780"}],"version-history":[{"count":0,"href":"https:\/\/www.tacktil.com\/fr\/wp-json\/wp\/v2\/pages\/2780\/revisions"}],"wp:attachment":[{"href":"https:\/\/www.tacktil.com\/fr\/wp-json\/wp\/v2\/media?parent=2780"}],"curies":[{"name":"wp","href":"https:\/\/api.w.org\/{rel}","templated":true}]}}