{"id":2779,"date":"2022-09-18T17:14:38","date_gmt":"2022-09-18T15:14:38","guid":{"rendered":"https:\/\/www.tacktil.com\/privacidad\/"},"modified":"2023-05-17T12:02:49","modified_gmt":"2023-05-17T10:02:49","slug":"pribatutasun-politika","status":"publish","type":"page","link":"https:\/\/www.tacktil.com\/eu\/pribatutasun-politika\/","title":{"rendered":"Pribatutasun politika"},"content":{"rendered":"\r\n<h2 class=\"p1 wp-block-heading\"><b>1. Tratamenduaren arduradunaren datuak<\/b><\/h2>\r\n<p class=\"p1\">Izen soziala: Sisu Studio S.L, aurrerantzean, \u00abLa empresa\u00bb<\/p>\r\n<p class=\"p1\">Izen komertziala: Tacktil<\/p>\r\n<p class=\"p1\">Sozietatearen helbidea: Avendia Isabel II, 16-7\u00baE<\/p>\r\n<p class=\"p1\">NIF: B75180174<\/p>\r\n<p class=\"p1\">Telefonoa: 699208617<\/p>\r\n<p class=\"p1\">Email: tacktil@tacktil.com<\/p>\r\n<h2 class=\"p1\"><b>1.1. Araudi aplikagarria<\/b><\/h2>\r\n<p class=\"p1\">Gure Pribatutasun Politika Europako Parlamentuaren eta Kontseiluaren 2016ko apirilaren 27ko 2016\/679 EBko Datuak Babesteko Erregelamendu Orokorraren arabera diseinatu da. Erregelamendu hori pertsona fisikoak datu pertsonalen tratamenduari eta datu horien zirkulazio askeari dagokienez babesteari buruzkoa da, eta 95\/46\/EE Zuzentaraua (Datuak Babesteko Erregelamendu Orokorra) eta abenduaren 5eko 3\/2018 Lege Organikoa (Datu Pertsonalak Babesteari eta Eskubide Digitalak Bermatzeari buruzkoa) indargabetzen ditu.<\/p>\r\n<p class=\"p1\">Zure datuak ematean, Pribatutasun Politika hau irakurri eta ezagutu duzula adierazten duzu, zure datu pertsonalen tratamenduari zalantzarik gabeko eta esanbidezko baimena emanez, hemen adierazitako helburu eta terminoen arabera.<\/p>\r\n<p class=\"p1\">Enpresak pribatutasun-politika hau aldatu ahal izango du, Datuak Babesteko Espainiako Agentziaren lege-, jurisprudentzia- edo interpretazio-berrikuntzetara egokitzeko. Pribatutasun-baldintza horiek Lege Oharrak, Cookie Politikak eta, hala badagokio, produktu edo zerbitzu jakin batzuetarako biltzen diren Baldintza Orokorrek osatu ahal izango dituzte, baldin eta sarbide horrek datu pertsonalak babesteko espezialitateren bat eskatzen badu.<\/p>\r\n<h2 class=\"p1\"><b>2. Datu pertsonalen tratamenduaren helburua<\/b><\/h2>\r\n<p class=\"p1\">Zure datu pertsonalen tratamenduak helburu hauek ditu:<\/p>\r\n<ul class=\"ul1\">\r\n<li class=\"li1\">Bezero eta bezero potentzialekiko harreman komertziala edo kontratu aurrekoa kudeatzea. Gure softwarearekin lotutako lankidetza-proposamenak egitea eta\/edo aurrekontuak edo eskaintzak egitea.<\/li>\r\n<li class=\"li1\">Web Atariko harremanetarako formularioaren bidez edo harremanetarako beste bitarteko batzuen bidez (posta elektronikoa edo telefonoa) egindako edozein motatako eskaerak edo eskaerak kudeatzea.<\/li>\r\n<li class=\"li1\">Bezero potentzialei eta bezeroei gure softwarearen eta zerbitzuen berritasunen berri ematea.<\/li>\r\n<\/ul>\r\n<h2 class=\"p1\"><b>2.1. Zure datuak gordetzeko epea<\/b><\/h2>\r\n<p class=\"p1\">Zure datu pertsonalak gordeko ditugu baimena ematen diguzunetik atzera botatzen duzun edo tratamendua mugatzeko eskatzen duzun arte. Kasu horietan, datuak blokeatuta mantenduko ditugu legez eskatutako epeetan.<\/p>\r\n<h2 class=\"p1\"><b>3. Bildutako legitimazioa eta datuak<\/b><\/h2>\r\n<p class=\"p1\">Zure datuak tratatzeko legitimazioa da baiezko eta aldeko egintza baten bidez emandako berariazko adostasuna (dagokion formularioa bete eta politika hori onartzeko laukitxoa markatu), zure datu pertsonalak ematean.<\/p>\r\n<h2 class=\"p1\"><b>3.1. Zure datuak tratatzeko baimena<\/b><\/h2>\r\n<p class=\"p1\">Formularioak betetzerakoan, Pribatutasun Politika onartzen dut laukitxoa markatzean eta datuak bidaltzeko klik egitean, edo horretarako gaitutako kontuen bidez Enpresara mezu elektronikoak bidaltzean, Erabiltzaileak pribatutasun politika hau espresuki irakurri eta onartu duela adierazten du, eta bere datu pertsonalak adierazitako helburuen arabera tratatzeko baimena ematen du, zalantzarik gabe eta berariaz.<\/p>\r\n<h2 class=\"p1\"><b>3.2. Datu-kategoriak<\/b><\/h2>\r\n<p class=\"p1\">Erabiltzaileek gure Web Atariaren harremanetarako formularioaren bidez edo bi aldeen arteko merkataritza-harremanaren emaitza den posta elektronikoaren bidez emandako datuak dira sartu eta tratatzen diren datu-kategoriak. Datu horiek kategoria hauetakoak izan daitezke nagusiki:<\/p>\r\n<ul class=\"ul1\">\r\n<li class=\"li1\">Identifikazio- eta harreman-datuak (izen osoa, telefono-zenbakia, helbide elektronikoa.<\/li>\r\n<li class=\"li1\">Ezaugarri pertsonalen datuak (enpresa, saila, lanpostua\/kargua, harremanetarako datu korporatiboak).<\/li>\r\n<\/ul>\r\n<h2 class=\"p1\"><b>4. Segurtasun-neurriak<\/b><\/h2>\r\n<p class=\"p1\">Zure datu pertsonalen segurtasuna eta konfidentzialtasuna bermatzeko dugun konpromisoaren barruan, jakinarazten dizugu beharrezkoak diren neurri teknikoak eta antolakuntzakoak hartu direla datu pertsonalen segurtasuna bermatzeko eta datu horiek aldatzea, galtzea, baimenik gabe tratatzea edo eskuratzea saihesteko, teknologiaren egoera, biltegiratutako datuen izaera eta horiek dituzten arriskuak kontuan hartuta, EU 679\/2016 Errege Dekretuaren 32. artikuluaren arabera.<\/p>\r\n<h2 class=\"p1\"><b>5. D<strong>atuak Lagatze<\/strong><\/b><\/h2>\r\n<p class=\"p1\">Ez da datuen lagapenik aurreikusten, ezta datuen nazioarteko transferentziarik ere, zerga-, merkataritza- eta telekomunikazio-legeriak baimendutakoak izan ezik, ezta agintaritza judizial batek hala eskatzen digunean ere.<\/p>\r\n<h2 class=\"p1\"><b>6. Erabiltzailearen Eskubideak<\/b><\/h2>\r\n<p class=\"p1\">Interesdun orok du berari buruzko datu pertsonalak tratatzen ari garen ala ez baieztatzeko eskubidea. Interesdunek eskubidea dute beren datu pertsonalak eskuratzeko, datu okerrak zuzentzeko eskatzeko edo, hala badagokio, ezabatzeko eskatzeko, besteak beste, bildutako helburuetarako datuak jada beharrezkoak ez direnean.<\/p>\r\n<p class=\"p1\">Egoera jakin batzuetan, interesdunek beren datuen tratamendua mugatzeko eskatu ahal izango dute; kasu horretan, erreklamazioak egiteko edo defendatzeko baino ez ditugu gordeko. Beren egoera partikularrarekin zerikusia duten arrazoiengatik, interesdunek beren datuen tratamenduaren aurka egin ahal izango dute.<\/p>\r\n<p class=\"p1\">Fitxategiaren arduradunak datuak tratatzeari utziko dio, premiazko arrazoi legitimoak daudenean izan ezik, edo balizko erreklamazioak gauzatzeari edo defendatzeari. Indarrean dagoen legeriaren arabera, eskubide hauek ditu: bere datu pertsonaletarako sarbidea eskatzeko eskubidea, datu horiek zuzentzeko edo ezabatzeko eskatzeko eskubidea, tratamenduaren mugapena eskatzeko eskubidea, tratamenduaren aurka egiteko eskubidea, datuen eramangarritasunerako eskubidea eta emandako baimena baliogabetzeko eskubidea. Halaber, Datuak Babesteko Espainiako Agentzian erreklamazioa aurkezteko eskubidea du.<\/p>\r\n<h2 class=\"p1\"><b>6.1. Nola erabili nire eskubideak?<\/b><\/h2>\r\n<p class=\"p1\">Zure eskubideak baliatzeko, arduradunarengana jo behar duzu, aukeratutako eskubidea baliatzeko dagokion inprimakia eskatuz. Aukeran, Kontrol Agintaritza eskudunera jo dezakezu zure eskubideei buruzko informazio gehigarria lortzeko. Zure eskubideak erabiltzeko harremanetarako datuak 699208617 telefonoa eta tacktil@tacktil.com helbide elektronikoa dira. Gogoratu dokumentu baten kopia bat erantsi duzula, identifikatzeko.<\/p>\r\n<h2 class=\"p1\"><b>7. Komunikazio elektronikoak bidaltzeko baimena<\/b><\/h2>\r\n<p class=\"p1\">Era berean, Informazioaren Gizartearen eta Merkataritza Elektronikoaren Zerbitzuei buruzko uztailaren 11ko 34\/2002 Legean ezarritakoarekin bat etorriz, datuak biltzeko formularioa betez eta dagokion laukitxoa markatuz (\u00abOnartzen dut komunikazio elektronikoak bidaltzea\u00bb), berariazko baimena ematen ari zara zure helbide elektronikora, telefonora, faxera edo enpresari buruzko informazioa bidaltzeko beste bitarteko elektronikoren batera bidaltzeko.<\/p>\r\n","protected":false},"excerpt":{"rendered":"<p>1. Tratamenduaren arduradunaren datuak Izen soziala: Sisu Studio S.L, aurrerantzean, \u00abLa empresa\u00bb Izen komertziala: Tacktil Sozietatearen helbidea: Avendia Isabel II, 16-7\u00baE NIF: B75180174 Telefonoa: 699208617 Email: tacktil@tacktil.com 1.1. Araudi aplikagarria Gure Pribatutasun Politika Europako Parlamentuaren eta Kontseiluaren 2016ko apirilaren 27ko 2016\/679 EBko Datuak Babesteko Erregelamendu Orokorraren arabera diseinatu da. Erregelamendu hori pertsona fisikoak datu pertsonalen [&hellip;]<\/p>\n","protected":false},"author":6,"featured_media":0,"parent":0,"menu_order":0,"comment_status":"closed","ping_status":"closed","template":"","meta":{"_acf_changed":false,"footnotes":""},"class_list":["post-2779","page","type-page","status-publish","hentry"],"acf":[],"yoast_head":"<!-- This site is optimized with the Yoast SEO plugin v24.5 - https:\/\/yoast.com\/wordpress\/plugins\/seo\/ -->\n<title>Pribatutasun politika - Tacktil<\/title>\n<meta name=\"robots\" content=\"noindex, follow\" \/>\n<meta property=\"og:locale\" content=\"eu_ES\" \/>\n<meta property=\"og:type\" content=\"article\" \/>\n<meta property=\"og:title\" content=\"Pribatutasun politika - Tacktil\" \/>\n<meta property=\"og:description\" content=\"1. Tratamenduaren arduradunaren datuak Izen soziala: Sisu Studio S.L, aurrerantzean, \u00abLa empresa\u00bb Izen komertziala: Tacktil Sozietatearen helbidea: Avendia Isabel II, 16-7\u00baE NIF: B75180174 Telefonoa: 699208617 Email: tacktil@tacktil.com 1.1. Araudi aplikagarria Gure Pribatutasun Politika Europako Parlamentuaren eta Kontseiluaren 2016ko apirilaren 27ko 2016\/679 EBko Datuak Babesteko Erregelamendu Orokorraren arabera diseinatu da. Erregelamendu hori pertsona fisikoak datu pertsonalen [&hellip;]\" \/>\n<meta property=\"og:url\" content=\"https:\/\/www.tacktil.com\/eu\/pribatutasun-politika\/\" \/>\n<meta property=\"og:site_name\" content=\"Tacktil\" \/>\n<meta property=\"article:modified_time\" content=\"2023-05-17T10:02:49+00:00\" \/>\n<meta name=\"twitter:card\" content=\"summary_large_image\" \/>\n<meta name=\"twitter:label1\" content=\"Est. reading time\" \/>\n\t<meta name=\"twitter:data1\" content=\"4 minutes\" \/>\n<script type=\"application\/ld+json\" class=\"yoast-schema-graph\">{\"@context\":\"https:\/\/schema.org\",\"@graph\":[{\"@type\":\"WebPage\",\"@id\":\"https:\/\/www.tacktil.com\/eu\/pribatutasun-politika\/\",\"url\":\"https:\/\/www.tacktil.com\/eu\/pribatutasun-politika\/\",\"name\":\"Pribatutasun politika - Tacktil\",\"isPartOf\":{\"@id\":\"https:\/\/www.tacktil.com\/#website\"},\"datePublished\":\"2022-09-18T15:14:38+00:00\",\"dateModified\":\"2023-05-17T10:02:49+00:00\",\"breadcrumb\":{\"@id\":\"https:\/\/www.tacktil.com\/eu\/pribatutasun-politika\/#breadcrumb\"},\"inLanguage\":\"eu-ES\",\"potentialAction\":[{\"@type\":\"ReadAction\",\"target\":[\"https:\/\/www.tacktil.com\/eu\/pribatutasun-politika\/\"]}]},{\"@type\":\"BreadcrumbList\",\"@id\":\"https:\/\/www.tacktil.com\/eu\/pribatutasun-politika\/#breadcrumb\",\"itemListElement\":[{\"@type\":\"ListItem\",\"position\":1,\"name\":\"Portada\",\"item\":\"https:\/\/www.tacktil.com\/\"},{\"@type\":\"ListItem\",\"position\":2,\"name\":\"Pribatutasun politika\"}]},{\"@type\":\"WebSite\",\"@id\":\"https:\/\/www.tacktil.com\/#website\",\"url\":\"https:\/\/www.tacktil.com\/\",\"name\":\"Tacktil\",\"description\":\"Software para la conservaci\u00f3n, estudio e investigaci\u00f3n del patrimonio hist\u00f3rico\",\"potentialAction\":[{\"@type\":\"SearchAction\",\"target\":{\"@type\":\"EntryPoint\",\"urlTemplate\":\"https:\/\/www.tacktil.com\/?s={search_term_string}\"},\"query-input\":{\"@type\":\"PropertyValueSpecification\",\"valueRequired\":true,\"valueName\":\"search_term_string\"}}],\"inLanguage\":\"eu-ES\"}]}<\/script>\n<!-- \/ Yoast SEO plugin. -->","yoast_head_json":{"title":"Pribatutasun politika - Tacktil","robots":{"index":"noindex","follow":"follow"},"og_locale":"eu_ES","og_type":"article","og_title":"Pribatutasun politika - Tacktil","og_description":"1. Tratamenduaren arduradunaren datuak Izen soziala: Sisu Studio S.L, aurrerantzean, \u00abLa empresa\u00bb Izen komertziala: Tacktil Sozietatearen helbidea: Avendia Isabel II, 16-7\u00baE NIF: B75180174 Telefonoa: 699208617 Email: tacktil@tacktil.com 1.1. Araudi aplikagarria Gure Pribatutasun Politika Europako Parlamentuaren eta Kontseiluaren 2016ko apirilaren 27ko 2016\/679 EBko Datuak Babesteko Erregelamendu Orokorraren arabera diseinatu da. Erregelamendu hori pertsona fisikoak datu pertsonalen [&hellip;]","og_url":"https:\/\/www.tacktil.com\/eu\/pribatutasun-politika\/","og_site_name":"Tacktil","article_modified_time":"2023-05-17T10:02:49+00:00","twitter_card":"summary_large_image","twitter_misc":{"Est. reading time":"4 minutes"},"schema":{"@context":"https:\/\/schema.org","@graph":[{"@type":"WebPage","@id":"https:\/\/www.tacktil.com\/eu\/pribatutasun-politika\/","url":"https:\/\/www.tacktil.com\/eu\/pribatutasun-politika\/","name":"Pribatutasun politika - Tacktil","isPartOf":{"@id":"https:\/\/www.tacktil.com\/#website"},"datePublished":"2022-09-18T15:14:38+00:00","dateModified":"2023-05-17T10:02:49+00:00","breadcrumb":{"@id":"https:\/\/www.tacktil.com\/eu\/pribatutasun-politika\/#breadcrumb"},"inLanguage":"eu-ES","potentialAction":[{"@type":"ReadAction","target":["https:\/\/www.tacktil.com\/eu\/pribatutasun-politika\/"]}]},{"@type":"BreadcrumbList","@id":"https:\/\/www.tacktil.com\/eu\/pribatutasun-politika\/#breadcrumb","itemListElement":[{"@type":"ListItem","position":1,"name":"Portada","item":"https:\/\/www.tacktil.com\/"},{"@type":"ListItem","position":2,"name":"Pribatutasun politika"}]},{"@type":"WebSite","@id":"https:\/\/www.tacktil.com\/#website","url":"https:\/\/www.tacktil.com\/","name":"Tacktil","description":"Software para la conservaci\u00f3n, estudio e investigaci\u00f3n del patrimonio hist\u00f3rico","potentialAction":[{"@type":"SearchAction","target":{"@type":"EntryPoint","urlTemplate":"https:\/\/www.tacktil.com\/?s={search_term_string}"},"query-input":{"@type":"PropertyValueSpecification","valueRequired":true,"valueName":"search_term_string"}}],"inLanguage":"eu-ES"}]}},"_links":{"self":[{"href":"https:\/\/www.tacktil.com\/eu\/wp-json\/wp\/v2\/pages\/2779","targetHints":{"allow":["GET"]}}],"collection":[{"href":"https:\/\/www.tacktil.com\/eu\/wp-json\/wp\/v2\/pages"}],"about":[{"href":"https:\/\/www.tacktil.com\/eu\/wp-json\/wp\/v2\/types\/page"}],"author":[{"embeddable":true,"href":"https:\/\/www.tacktil.com\/eu\/wp-json\/wp\/v2\/users\/6"}],"replies":[{"embeddable":true,"href":"https:\/\/www.tacktil.com\/eu\/wp-json\/wp\/v2\/comments?post=2779"}],"version-history":[{"count":0,"href":"https:\/\/www.tacktil.com\/eu\/wp-json\/wp\/v2\/pages\/2779\/revisions"}],"wp:attachment":[{"href":"https:\/\/www.tacktil.com\/eu\/wp-json\/wp\/v2\/media?parent=2779"}],"curies":[{"name":"wp","href":"https:\/\/api.w.org\/{rel}","templated":true}]}}