{"id":2764,"date":"2022-09-18T17:15:22","date_gmt":"2022-09-18T15:15:22","guid":{"rendered":"https:\/\/www.tacktil.com\/cookies-policy\/"},"modified":"2023-04-25T14:45:51","modified_gmt":"2023-04-25T12:45:51","slug":"cookies-policy","status":"publish","type":"page","link":"https:\/\/www.tacktil.com\/en\/cookies-policy\/","title":{"rendered":"Cookies policy"},"content":{"rendered":"<h2><b>General information<\/b><\/h2>\n<p><span style=\"font-weight: 400;\">Due to the entry into force of the amendment of the &#8220;Law of Services of the Information Society&#8221; (LSSICE) established by Royal Decree 13\/2012, it is mandatory to obtain the express consent of the user of all websites that use dispensable cookies, before the user navigates through them.<\/span><\/p>\n<h2><b>What are cookies?<\/b><\/h2>\n<p><span style=\"font-weight: 400;\">Cookies and other similar technologies such as<\/span> <i><span style=\"font-weight: 400;\">local shared objects<\/span><\/i><span style=\"font-weight: 400;\">,<\/span> <i><span style=\"font-weight: 400;\">flash cookies<\/span><\/i> <span style=\"font-weight: 400;\">or pixels, are tools used by Web servers to store and retrieve information about their visitors and to provide the proper functioning of the site.<\/span><\/p>\n<p><span style=\"font-weight: 400;\">The use of these devices allows the Web server to remember some data concerning the user, such as your preferences for viewing the pages of that server, name and password, products that most interest you, etc..<\/span><\/p>\n<h2><b>Cookies affected by the regulation and exempted cookies<\/b><\/h2>\n<p><span style=\"font-weight: 400;\">According to the EU directive, the cookies that require the user&#8217;s informed consent are analytics cookies and advertising and affiliation cookies, with the exception of technical cookies and those necessary for the operation of the website or the provision of services expressly requested by the user.<\/span><\/p>\n<h2><b>What kinds of cookies are there?<\/b><\/h2>\n<p><b><\/b><span style=\"font-weight: 400;\">Depending on the entity that manages them:<\/span><\/p>\n<ul>\n<li style=\"font-weight: 400;\" aria-level=\"1\"><b>Own Cookies<\/b><span style=\"font-weight: 400;\">They are those that are sent to the user&#8217;s terminal equipment from a computer or domain managed by the editor itself and from which the service requested by the user is provided.<\/span><\/li>\n<li style=\"font-weight: 400;\" aria-level=\"1\"><b>Third-party cookies<\/b><span style=\"font-weight: 400;\">: Cookies are those that are sent to the user&#8217;s terminal equipment from a computer or domain that is not managed by the editor, but by another entity that processes the data obtained through the cookies.<\/span><\/li>\n<\/ul>\n<p><span style=\"font-weight: 400;\">Depending on the length of time they remain activated:<\/span><\/p>\n<ul>\n<li style=\"font-weight: 400;\" aria-level=\"1\"><b>Session Cookies<\/b><span style=\"font-weight: 400;\">: These are a type of cookie designed to collect and store data while the user accesses a web page. They are usually used to store information that only needs to be kept for the provision of the service requested by the user on a single occasion.<\/span><\/li>\n<li style=\"font-weight: 400;\" aria-level=\"1\"><b>Persistent Cookies<\/b><span style=\"font-weight: 400;\">: These are a type of cookie in which the data remains stored in the terminal and can be accessed and processed for a period defined by the party responsible for the cookie, which can range from a few minutes to several years.<\/span><\/li>\n<\/ul>\n<p><span style=\"font-weight: 400;\">According to purpose<\/span><\/p>\n<ul>\n<li style=\"font-weight: 400;\" aria-level=\"1\"><b>Technical or necessary cookies<\/b><span style=\"font-weight: 400;\">: are essential for our website to function properly. They do not collect any user data. They only include basic functionalities such as language preference, identifying the session or giving registered users access to restricted areas. For these reasons they cannot be deactivated.<\/span><span style=\"font-weight: 400;\"><br \/>\n<\/span><b><\/b><\/li>\n<li style=\"font-weight: 400;\" aria-level=\"1\"><b>Analytics Cookies<\/b><span style=\"font-weight: 400;\">: Statistical cookies help us understand how visitors interact with web pages by gathering and providing information in an anonymous form. The purpose of this information is to improve the web service to our users based on the analysis of aggregated data.<\/span><span style=\"font-weight: 400;\"><br \/>\n<\/span><b><\/b><b><\/b><\/li>\n<\/ul>\n<ul>\n<li style=\"font-weight: 400;\" aria-level=\"1\"><b>Advertising or marketing cookies<\/b><span style=\"font-weight: 400;\">: They are those that allow the management, in the most efficient way possible, of the advertising spaces that, where appropriate, the publisher has included on a web page, application or platform from which it provides the requested service based on criteria such as the edited content or the frequency at which the ads are displayed.<\/span><\/li>\n<li style=\"font-weight: 400;\" aria-level=\"1\"><b>Behavioral advertising or personalized marketing cookies<\/b>: They are those that allow the management, in the most efficient way possible, of the advertising spaces that, where appropriate, the publisher has included on a website, application or platform from which it provides the requested service.<\/li>\n<\/ul>\n<p><span style=\"font-weight: 400;\">These cookies store information on user behavior obtained through the continuous observation of their browsing habits, which allows the development of a specific profile to display advertising based on the same. <\/span><span style=\"font-weight: 400;\"><br \/>\n<\/span><span style=\"font-weight: 400;\"><br \/>\n<\/span><span style=\"font-weight: 400;\">It is also possible that when you visit a web page or open an email where an advertisement or promotion about our products or services is published, a cookie may be installed in your browser that allows us to later show you advertising related to the search you have made, to monitor our ads in relation to, for example, the number of times they are seen, where they appear, at what time they are seen, etc.<\/span><\/p>\n<h2><b>Which ones do we use on our website?<\/b><\/h2>\n<p><strong>Technical Cookies<\/strong><\/p>\n<p>&nbsp;<\/p>\n<div class=\"overflow-x-auto relative\">\n<table class=\"border-collapse table-auto w-full text-sm text-left text-gray-500 dark:text-gray-400\">\n<thead>\n<tr>\n<th class=\"border-b p-4 pl-8 pt-0 pb-3\">Name<\/th>\n<th class=\"border-b p-4 pl-8 pt-0 pb-3\">Supplier<\/th>\n<th class=\"border-b p-4 pl-8 pt-0 pb-3\">Purpose<\/th>\n<th class=\"border-b p-4 pl-8 pt-0 pb-3\">Expiration<\/th>\n<th class=\"border-b p-4 pl-8 pt-0 pb-3\">Type<\/th>\n<\/tr>\n<\/thead>\n<tbody>\n<tr>\n<td class=\"border-b p-4 pl-8 pb-3\">wp-wpml_current_language<\/td>\n<td class=\"border-b p-4 pl-8 pb-3\">Safety<\/td>\n<td class=\"border-b p-4 pl-8 pb-3\">Stores the language selected by the user<\/td>\n<td class=\"border-b p-4 pl-8 pb-3\">At the end of the session<\/td>\n<td class=\"border-b p-4 pl-8 pb-3\">HTTP Cookie<\/td>\n<\/tr>\n<tr>\n<td class=\"border-b p-4 pl-8 pb-3\">CookieLawInfoConsent<\/td>\n<td class=\"border-b p-4 pl-8 pb-3\">Safety<\/td>\n<td class=\"border-b p-4 pl-8 pb-3\">Stores the consent selected by the user<\/td>\n<td class=\"border-b p-4 pl-8 pb-3\">6 months<\/td>\n<td class=\"border-b p-4 pl-8 pb-3\">HTTP Cookie<\/td>\n<\/tr>\n<tr>\n<td class=\"border-b p-4 pl-8 pb-3\">cookielawinfo-checkbox-necessary<\/td>\n<td class=\"border-b p-4 pl-8 pb-3\">Safety<\/td>\n<td class=\"border-b p-4 pl-8 pb-3\">Stores the user&#8217;s preferences regarding necessary cookies<\/td>\n<td class=\"border-b p-4 pl-8 pb-3\">6 months<\/td>\n<td class=\"border-b p-4 pl-8 pb-3\">HTTP Cookie<\/td>\n<\/tr>\n<tr>\n<td class=\"border-b p-4 pl-8 pb-3\">cookielawinfo-checkbox-non-necessary<\/td>\n<td class=\"border-b p-4 pl-8 pb-3\">Safety<\/td>\n<td class=\"border-b p-4 pl-8 pb-3\">Stores the user&#8217;s preferences regarding cookies that are not required.<\/td>\n<td class=\"border-b p-4 pl-8 pb-3\">6 months<\/td>\n<td class=\"border-b p-4 pl-8 pb-3\">HTTP Cookie<\/td>\n<\/tr>\n<tr>\n<td class=\"border-b p-4 pl-8 pb-3\">viewed_cookie_policy<\/td>\n<td class=\"border-b p-4 pl-8 pb-3\">Safety<\/td>\n<td class=\"border-b p-4 pl-8 pb-3\">Check if the user has seen the cookies policy.<\/td>\n<td class=\"border-b p-4 pl-8 pb-3\">6 months<\/td>\n<td class=\"border-b p-4 pl-8 pb-3\">HTTP Cookie<\/td>\n<\/tr>\n<\/tbody>\n<\/table>\n<\/div>\n<p>&nbsp;<\/p>\n<p><strong>Analytics Cookies<\/strong><\/p>\n<p>&nbsp;<\/p>\n<div class=\"overflow-x-auto relative\">\n<table class=\"border-collapse table-auto w-full text-sm text-left text-gray-500 dark:text-gray-400\">\n<tbody>\n<tr>\n<th class=\"border-b p-4 pl-8 pb-3\">Name<\/th>\n<th class=\"border-b p-4 pl-8 pb-3\">Supplier<\/th>\n<th class=\"border-b p-4 pl-8 pb-3\">Purpose<\/th>\n<th class=\"border-b p-4 pl-8 pb-3\">Expiration <\/th>\n<th class=\"border-b p-4 pl-8 pb-3\">Type<\/th>\n<\/tr>\n<tr>\n<td class=\"border-b p-4 pl-8 pb-3\">_ga<\/td>\n<td class=\"border-b p-4 pl-8 pb-3\">Google<\/td>\n<td class=\"border-b p-4 pl-8 pb-3\">Stores the user&#8217;s cookie consent status for the current domain<\/td>\n<td class=\"border-b p-4 pl-8 pb-3\">2 years<\/td>\n<td class=\"border-b p-4 pl-8 pb-3\">HTTP Cookie<\/td>\n<\/tr>\n<\/tbody>\n<\/table>\n<\/div>\n<p>&nbsp;<\/p>\n<p>&nbsp;<\/p>\n<h2><b>Blocking or deleting cookies<\/b><\/h2>\n<p><span style=\"font-weight: 400;\">To allow, know, block or delete cookies installed on your computer you can do so by configuring the browser options installed on your computer.<\/span><\/p>\n<p><span style=\"font-weight: 400;\">Below we give you access to information from the major browsers on how to do this:<\/span><\/p>\n<div class=\"px-6 mb-6\">\n<ul class=\"list-disc\">\n<li style=\"font-weight: 400;\" aria-level=\"1\"><a href=\"https:\/\/support.mozilla.org\/es\/kb\/habilitar-y-deshabilitar-cookies-sitios-web-rastrear-preferencias\"><span style=\"font-weight: 400;\">Mozilla Firefox<\/span><\/a><\/li>\n<li style=\"font-weight: 400;\" aria-level=\"1\"><a href=\"https:\/\/support.google.com\/chrome\/answer\/95647?hl=es\"><span style=\"font-weight: 400;\">Google Chrome <\/span><\/a><\/li>\n<li style=\"font-weight: 400;\" aria-level=\"1\"><a href=\"https:\/\/support.microsoft.com\/es-es\/windows\/eliminar-y-administrar-cookies-168dab11-0753-043d-7c16-ede5947fc64d\"><span style=\"font-weight: 400;\">Internet Explorer<\/span><\/a><span style=\"font-weight: 400;\"> <\/span><\/li>\n<li style=\"font-weight: 400;\" aria-level=\"1\"><a href=\"https:\/\/support.microsoft.com\/es-es\/help\/4468242\/microsoft-edge-browsing-data-and-privacy-microsoft-privacy\"><span style=\"font-weight: 400;\">Microsoft Edge<\/span><\/a><\/li>\n<li style=\"font-weight: 400;\" aria-level=\"1\"><a href=\"https:\/\/support.apple.com\/guide\/safari\/manage-cookies-and-website-data-sfri11471\/mac\"><span style=\"font-weight: 400;\">Safari<\/span><\/a><\/li>\n<li style=\"font-weight: 400;\" aria-level=\"1\"><a href=\"https:\/\/help.opera.com\/en\/latest\/web-preferences\/#cookies\"><span style=\"font-weight: 400;\">Opera<\/span><\/a><\/li>\n<\/ul>\n<\/div>\n<p><span style=\"font-weight: 400;\">Remember that certain features may not be available after disabling or rejecting cookies in your browser or, specifically, cookies from <\/span><span style=\"font-weight: 400;\">this website<\/span><span style=\"font-weight: 400;\">. In any case, the User will be able to eliminate cookies from <\/span><span style=\"font-weight: 400;\">this website<\/span><span style=\"font-weight: 400;\"> implemented in your device at any time, following the procedure established in the help section of your browser.<\/span><span style=\"font-weight: 400;\"><br \/>\n<\/span><span style=\"font-weight: 400;\"><br \/>\n<\/span><span style=\"font-weight: 400;\">You can also use the private browsing mode in your browser, preventing browsing history and cookies from being saved.<\/span><\/p>\n<p><span style=\"font-weight: 400;\">The Website also uses cookies on mobile devices. You can modify your device&#8217;s privacy settings by accessing the following links, which provide instructions on how to manage your preferences:<\/span><\/p>\n<p><a href=\"http:\/\/goo.gl\/61xevS\"><span style=\"font-weight: 400;\">IOS<\/span><\/a><span style=\"font-weight: 400;\"> | <\/span><a href=\"http:\/\/goo.gl\/Rx8QQ\"><span style=\"font-weight: 400;\">Windows Phone<\/span><\/a><span style=\"font-weight: 400;\"> | <\/span><a href=\"http:\/\/goo.gl\/XJp7N\"><span style=\"font-weight: 400;\">Chrome Mobile<\/span><\/a><span style=\"font-weight: 400;\"> | <\/span><a href=\"http:\/\/goo.gl\/Nzr8s7\"><span style=\"font-weight: 400;\">Opera Mobile<\/span><\/a><\/p>\n<p><span style=\"font-weight: 400;\">Other websites of interest that use cookies and collect statistical navigation information:<\/span><\/p>\n<div class=\"px-6 mb-6\">\n<ul class=\"list-disc\">\n<li style=\"font-weight: 400;\" aria-level=\"1\"><a href=\"https:\/\/www.google.com\/policies\/privacy\"><span style=\"font-weight: 400;\">Google Analytics<\/span><\/a><\/li>\n<li style=\"font-weight: 400;\" aria-level=\"1\"><a href=\"https:\/\/www.google.com\/policies\/privacy\"><span style=\"font-weight: 400;\">Google Tag Manager<\/span><\/a><\/li>\n<\/ul>\n<\/div>\n<h2><b>Consent<\/b><\/h2>\n<p><span style=\"font-weight: 400;\">By browsing and continuing on the website you are consenting to the use of the aforementioned cookies, for the periods indicated and under the conditions contained in this Cookie Policy.<\/span><\/p>\n<p><span style=\"font-weight: 400;\">You can obtain more information about us through our legal notice or by sending an e-mail to tacktil@tacktil.com.<\/span><\/p>\n","protected":false},"excerpt":{"rendered":"<p>General information Due to the entry into force of the amendment of the &#8220;Law of Services of the Information Society&#8221; (LSSICE) established by Royal Decree 13\/2012, it is mandatory to obtain the express consent of the user of all websites that use dispensable cookies, before the user navigates through them. What are cookies? Cookies and [&hellip;]<\/p>\n","protected":false},"author":6,"featured_media":0,"parent":0,"menu_order":0,"comment_status":"closed","ping_status":"closed","template":"","meta":{"_acf_changed":false,"footnotes":""},"class_list":["post-2764","page","type-page","status-publish","hentry"],"acf":[],"yoast_head":"<!-- This site is optimized with the Yoast SEO plugin v24.5 - https:\/\/yoast.com\/wordpress\/plugins\/seo\/ -->\n<title>Cookies policy - Tacktil<\/title>\n<meta name=\"robots\" content=\"noindex, follow\" \/>\n<meta property=\"og:locale\" content=\"en_US\" \/>\n<meta property=\"og:type\" content=\"article\" \/>\n<meta property=\"og:title\" content=\"Cookies policy - Tacktil\" \/>\n<meta property=\"og:description\" content=\"General information Due to the entry into force of the amendment of the &#8220;Law of Services of the Information Society&#8221; (LSSICE) established by Royal Decree 13\/2012, it is mandatory to obtain the express consent of the user of all websites that use dispensable cookies, before the user navigates through them. What are cookies? Cookies and [&hellip;]\" \/>\n<meta property=\"og:url\" content=\"https:\/\/www.tacktil.com\/en\/cookies-policy\/\" \/>\n<meta property=\"og:site_name\" content=\"Tacktil\" \/>\n<meta property=\"article:modified_time\" content=\"2023-04-25T12:45:51+00:00\" \/>\n<meta name=\"twitter:card\" content=\"summary_large_image\" \/>\n<meta name=\"twitter:label1\" content=\"Est. reading time\" \/>\n\t<meta name=\"twitter:data1\" content=\"5 minutes\" \/>\n<script type=\"application\/ld+json\" class=\"yoast-schema-graph\">{\"@context\":\"https:\/\/schema.org\",\"@graph\":[{\"@type\":\"WebPage\",\"@id\":\"https:\/\/www.tacktil.com\/en\/cookies-policy\/\",\"url\":\"https:\/\/www.tacktil.com\/en\/cookies-policy\/\",\"name\":\"Cookies policy - Tacktil\",\"isPartOf\":{\"@id\":\"https:\/\/www.tacktil.com\/#website\"},\"datePublished\":\"2022-09-18T15:15:22+00:00\",\"dateModified\":\"2023-04-25T12:45:51+00:00\",\"breadcrumb\":{\"@id\":\"https:\/\/www.tacktil.com\/en\/cookies-policy\/#breadcrumb\"},\"inLanguage\":\"en-US\",\"potentialAction\":[{\"@type\":\"ReadAction\",\"target\":[\"https:\/\/www.tacktil.com\/en\/cookies-policy\/\"]}]},{\"@type\":\"BreadcrumbList\",\"@id\":\"https:\/\/www.tacktil.com\/en\/cookies-policy\/#breadcrumb\",\"itemListElement\":[{\"@type\":\"ListItem\",\"position\":1,\"name\":\"Portada\",\"item\":\"https:\/\/www.tacktil.com\/en\/home\/\"},{\"@type\":\"ListItem\",\"position\":2,\"name\":\"Cookies policy\"}]},{\"@type\":\"WebSite\",\"@id\":\"https:\/\/www.tacktil.com\/#website\",\"url\":\"https:\/\/www.tacktil.com\/\",\"name\":\"Tacktil\",\"description\":\"Software para la conservaci\u00f3n, estudio e investigaci\u00f3n del patrimonio hist\u00f3rico\",\"potentialAction\":[{\"@type\":\"SearchAction\",\"target\":{\"@type\":\"EntryPoint\",\"urlTemplate\":\"https:\/\/www.tacktil.com\/?s={search_term_string}\"},\"query-input\":{\"@type\":\"PropertyValueSpecification\",\"valueRequired\":true,\"valueName\":\"search_term_string\"}}],\"inLanguage\":\"en-US\"}]}<\/script>\n<!-- \/ Yoast SEO plugin. -->","yoast_head_json":{"title":"Cookies policy - Tacktil","robots":{"index":"noindex","follow":"follow"},"og_locale":"en_US","og_type":"article","og_title":"Cookies policy - Tacktil","og_description":"General information Due to the entry into force of the amendment of the &#8220;Law of Services of the Information Society&#8221; (LSSICE) established by Royal Decree 13\/2012, it is mandatory to obtain the express consent of the user of all websites that use dispensable cookies, before the user navigates through them. What are cookies? Cookies and [&hellip;]","og_url":"https:\/\/www.tacktil.com\/en\/cookies-policy\/","og_site_name":"Tacktil","article_modified_time":"2023-04-25T12:45:51+00:00","twitter_card":"summary_large_image","twitter_misc":{"Est. reading time":"5 minutes"},"schema":{"@context":"https:\/\/schema.org","@graph":[{"@type":"WebPage","@id":"https:\/\/www.tacktil.com\/en\/cookies-policy\/","url":"https:\/\/www.tacktil.com\/en\/cookies-policy\/","name":"Cookies policy - Tacktil","isPartOf":{"@id":"https:\/\/www.tacktil.com\/#website"},"datePublished":"2022-09-18T15:15:22+00:00","dateModified":"2023-04-25T12:45:51+00:00","breadcrumb":{"@id":"https:\/\/www.tacktil.com\/en\/cookies-policy\/#breadcrumb"},"inLanguage":"en-US","potentialAction":[{"@type":"ReadAction","target":["https:\/\/www.tacktil.com\/en\/cookies-policy\/"]}]},{"@type":"BreadcrumbList","@id":"https:\/\/www.tacktil.com\/en\/cookies-policy\/#breadcrumb","itemListElement":[{"@type":"ListItem","position":1,"name":"Portada","item":"https:\/\/www.tacktil.com\/en\/home\/"},{"@type":"ListItem","position":2,"name":"Cookies policy"}]},{"@type":"WebSite","@id":"https:\/\/www.tacktil.com\/#website","url":"https:\/\/www.tacktil.com\/","name":"Tacktil","description":"Software para la conservaci\u00f3n, estudio e investigaci\u00f3n del patrimonio hist\u00f3rico","potentialAction":[{"@type":"SearchAction","target":{"@type":"EntryPoint","urlTemplate":"https:\/\/www.tacktil.com\/?s={search_term_string}"},"query-input":{"@type":"PropertyValueSpecification","valueRequired":true,"valueName":"search_term_string"}}],"inLanguage":"en-US"}]}},"_links":{"self":[{"href":"https:\/\/www.tacktil.com\/en\/wp-json\/wp\/v2\/pages\/2764","targetHints":{"allow":["GET"]}}],"collection":[{"href":"https:\/\/www.tacktil.com\/en\/wp-json\/wp\/v2\/pages"}],"about":[{"href":"https:\/\/www.tacktil.com\/en\/wp-json\/wp\/v2\/types\/page"}],"author":[{"embeddable":true,"href":"https:\/\/www.tacktil.com\/en\/wp-json\/wp\/v2\/users\/6"}],"replies":[{"embeddable":true,"href":"https:\/\/www.tacktil.com\/en\/wp-json\/wp\/v2\/comments?post=2764"}],"version-history":[{"count":0,"href":"https:\/\/www.tacktil.com\/en\/wp-json\/wp\/v2\/pages\/2764\/revisions"}],"wp:attachment":[{"href":"https:\/\/www.tacktil.com\/en\/wp-json\/wp\/v2\/media?parent=2764"}],"curies":[{"name":"wp","href":"https:\/\/api.w.org\/{rel}","templated":true}]}}